{"id":580,"date":"2023-07-06T09:34:28","date_gmt":"2023-07-06T07:34:28","guid":{"rendered":"https:\/\/www.vilaralimentacio.com\/?page_id=580"},"modified":"2024-03-27T17:14:20","modified_gmt":"2024-03-27T16:14:20","slug":"politica-de-cookies","status":"publish","type":"page","link":"https:\/\/www.acostaembutidos.com\/ca\/politica-de-cookies\/","title":{"rendered":"Pol\u00edtica de Cookies"},"content":{"rendered":"<div data-elementor-type=\"wp-page\" data-elementor-id=\"580\" class=\"elementor elementor-580\">\n\t\t\t\t\t\t<section class=\"elementor-section elementor-top-section elementor-element elementor-element-f57e3d3 elementor-section-boxed elementor-section-height-default elementor-section-height-default\" data-id=\"f57e3d3\" data-element_type=\"section\">\n\t\t\t\t\t\t<div class=\"elementor-container elementor-column-gap-default\">\n\t\t\t\t\t<div class=\"elementor-column elementor-col-100 elementor-top-column elementor-element elementor-element-f8cf47c\" data-id=\"f8cf47c\" data-element_type=\"column\">\n\t\t\t<div class=\"elementor-widget-wrap elementor-element-populated\">\n\t\t\t\t\t\t<div class=\"elementor-element elementor-element-7e2bf0f elementor-widget elementor-widget-text-editor\" data-id=\"7e2bf0f\" data-element_type=\"widget\" data-widget_type=\"text-editor.default\">\n\t\t\t\t<div class=\"elementor-widget-container\">\n\t\t\t<style>\/*! elementor - v3.20.0 - 26-03-2024 *\/\n.elementor-widget-text-editor.elementor-drop-cap-view-stacked .elementor-drop-cap{background-color:#69727d;color:#fff}.elementor-widget-text-editor.elementor-drop-cap-view-framed .elementor-drop-cap{color:#69727d;border:3px solid;background-color:transparent}.elementor-widget-text-editor:not(.elementor-drop-cap-view-default) .elementor-drop-cap{margin-top:8px}.elementor-widget-text-editor:not(.elementor-drop-cap-view-default) .elementor-drop-cap-letter{width:1em;height:1em}.elementor-widget-text-editor .elementor-drop-cap{float:left;text-align:center;line-height:1;font-size:50px}.elementor-widget-text-editor .elementor-drop-cap-letter{display:inline-block}<\/style>\t\t\t\t<p><strong>\u00bfQu\u00e9 son las Cookies?<\/strong><\/p><p>Este sitio web utiliza cookies y\/o tecnolog\u00edas similares que almacenan y recuperan informaci\u00f3n al navegar. En general, estas tecnolog\u00edas pueden servir para finalidades muy diversas, como reconocerlo como usuario, obtener informaci\u00f3n sobre sus h\u00e1bitos de navegaci\u00f3n, o personalizar la forma en que se muestra el contenido. Los usos concretos que hacemos de estas tecnolog\u00edas se describen a continuaci\u00f3n.<\/p><p><strong>\u00bfPor qu\u00e9 utiliza las cookies esta p\u00e1gina web?<\/strong><\/p><p>Esta p\u00e1gina web utiliza las cookies para una serie de finalidades, incluidas:<\/p><p>Publicitarias comportamentales: son aquellas que, tratadas por nosotros o por terceros, permiten analizar sus h\u00e1bitos de navegaci\u00f3n en Internet para mostrar publicidad relacionada con su perfil de navegaci\u00f3n.<br \/>\u00bfQui\u00e9n utiliza las cookies en esta p\u00e1gina web?<\/p><p>La identificaci\u00f3n de qui\u00e9n utiliza las cookies, el tipo de cookies utilizadas y otros detalles, se indica a continuaci\u00f3n:<\/p><ul><li><b>T\u00e9cniques:<\/b> facilitan la navegaci\u00f3n por el sitio web y guardan sus preferencias de ajuste de cookies para que no tengamos que preguntarle cada vez que nos visita.<\/li><\/ul><ul><li><b>De An\u00e1lisis:<\/b> son aquellas que, tratadas por nosotros o por terceros, nos permiten cuantificar el n\u00famero de usuarios y as\u00ed hacer la medici\u00f3n y el an\u00e1lisis estad\u00edstico de la utilizaci\u00f3n que hacen los usuarios del servicio ofrecido. Por eso se analiza su navegaci\u00f3n en nuestra p\u00e1gina web para mejorar la oferta de productos o servicios que le ofrecemos.<\/li><li><b>Publicitarias Comportamentales:<\/b> son aquellas que, tratadas por nosotros o por terceros, permiten analizar sus h\u00e1bitos de navegaci\u00f3n en Internet para mostrar publicidad relacionada con su perfil de navegaci\u00f3n.<\/li><\/ul><h4>\u00a0<\/h4><p><strong>\u00bfQui\u00e9n utiliza las cookies en esta p\u00e1gina web?<\/strong><\/p><p>La identificaci\u00f3n de qui\u00e9n utiliza las cookies, el tipo de cookies utilizadas y otros detalles, se indica a continuaci\u00f3n:<\/p>\t\t\t\t\t\t<\/div>\n\t\t\t\t<\/div>\n\t\t\t\t\t<\/div>\n\t\t<\/div>\n\t\t\t\t\t<\/div>\n\t\t<\/section>\n\t\t\t\t<section class=\"elementor-section elementor-top-section elementor-element elementor-element-192062d elementor-section-boxed elementor-section-height-default elementor-section-height-default\" data-id=\"192062d\" data-element_type=\"section\">\n\t\t\t\t\t\t<div class=\"elementor-container elementor-column-gap-default\">\n\t\t\t\t\t<div class=\"elementor-column elementor-col-100 elementor-top-column elementor-element elementor-element-9f8e304\" data-id=\"9f8e304\" data-element_type=\"column\">\n\t\t\t<div class=\"elementor-widget-wrap elementor-element-populated\">\n\t\t\t\t\t\t<div class=\"elementor-element elementor-element-cfaea7e elementor-widget elementor-widget-accordion\" data-id=\"cfaea7e\" data-element_type=\"widget\" data-widget_type=\"accordion.default\">\n\t\t\t\t<div class=\"elementor-widget-container\">\n\t\t\t<style>\/*! elementor - v3.20.0 - 26-03-2024 *\/\n.elementor-accordion{text-align:left}.elementor-accordion .elementor-accordion-item{border:1px solid #d5d8dc}.elementor-accordion .elementor-accordion-item+.elementor-accordion-item{border-top:none}.elementor-accordion .elementor-tab-title{margin:0;padding:15px 20px;font-weight:700;line-height:1;cursor:pointer;outline:none}.elementor-accordion .elementor-tab-title .elementor-accordion-icon{display:inline-block;width:1.5em}.elementor-accordion .elementor-tab-title .elementor-accordion-icon svg{width:1em;height:1em}.elementor-accordion .elementor-tab-title .elementor-accordion-icon.elementor-accordion-icon-right{float:right;text-align:right}.elementor-accordion .elementor-tab-title .elementor-accordion-icon.elementor-accordion-icon-left{float:left;text-align:left}.elementor-accordion .elementor-tab-title .elementor-accordion-icon .elementor-accordion-icon-closed{display:block}.elementor-accordion .elementor-tab-title .elementor-accordion-icon .elementor-accordion-icon-opened,.elementor-accordion .elementor-tab-title.elementor-active .elementor-accordion-icon-closed{display:none}.elementor-accordion .elementor-tab-title.elementor-active .elementor-accordion-icon-opened{display:block}.elementor-accordion .elementor-tab-content{display:none;padding:15px 20px;border-top:1px solid #d5d8dc}@media (max-width:767px){.elementor-accordion .elementor-tab-title{padding:12px 15px}.elementor-accordion .elementor-tab-title .elementor-accordion-icon{width:1.2em}.elementor-accordion .elementor-tab-content{padding:7px 15px}}.e-con-inner>.elementor-widget-accordion,.e-con>.elementor-widget-accordion{width:var(--container-widget-width);--flex-grow:var(--container-widget-flex-grow)}<\/style>\t\t<div class=\"elementor-accordion\">\n\t\t\t\t\t\t\t<div class=\"elementor-accordion-item\">\n\t\t\t\t\t<div id=\"elementor-tab-title-2171\" class=\"elementor-tab-title\" data-tab=\"1\" role=\"button\" aria-controls=\"elementor-tab-content-2171\" aria-expanded=\"false\">\n\t\t\t\t\t\t\t\t\t\t\t\t\t<span class=\"elementor-accordion-icon elementor-accordion-icon-left\" aria-hidden=\"true\">\n\t\t\t\t\t\t\t\t\t\t\t\t\t\t\t<span class=\"elementor-accordion-icon-closed\"><i class=\"fas fa-plus\"><\/i><\/span>\n\t\t\t\t\t\t\t\t<span class=\"elementor-accordion-icon-opened\"><i class=\"fas fa-minus\"><\/i><\/span>\n\t\t\t\t\t\t\t\t\t\t\t\t\t\t<\/span>\n\t\t\t\t\t\t\t\t\t\t\t\t<a class=\"elementor-accordion-title\" tabindex=\"0\">Google Analytics<\/a>\n\t\t\t\t\t<\/div>\n\t\t\t\t\t<div id=\"elementor-tab-content-2171\" class=\"elementor-tab-content elementor-clearfix\" data-tab=\"1\" role=\"region\" aria-labelledby=\"elementor-tab-title-2171\"><table><tbody><tr><td><p><strong>Tipo:<\/strong> De terceros<\/p><p><strong>Prop\u00f3sito:<\/strong> Recoger informaci\u00f3n sobre la navegaci\u00f3n de los usuarios por el sitio para conocer el origen de las visitas y otros datos similares a nivel estad\u00edstico. Google Analytics tambi\u00e9n utiliza estas cookies para mostrar publicidad relacionada con su perfil de navegaci\u00f3n.<\/p><p><strong>M\u00e1s Informaci\u00f3n:<\/strong> <a href=\"https:\/\/developers.google.com\/analytics\/devguides\/collection\/analyticsjs\/cookie-usage\">Google Analytics<\/a>\u00a0<a href=\"http:\/\/www.google.com\/intl\/es\/privacy.html\">Centro de privacidad de Google<\/a><\/p><\/td><\/tr><\/tbody><\/table><\/div>\n\t\t\t\t<\/div>\n\t\t\t\t\t\t\t<div class=\"elementor-accordion-item\">\n\t\t\t\t\t<div id=\"elementor-tab-title-2172\" class=\"elementor-tab-title\" data-tab=\"2\" role=\"button\" aria-controls=\"elementor-tab-content-2172\" aria-expanded=\"false\">\n\t\t\t\t\t\t\t\t\t\t\t\t\t<span class=\"elementor-accordion-icon elementor-accordion-icon-left\" aria-hidden=\"true\">\n\t\t\t\t\t\t\t\t\t\t\t\t\t\t\t<span class=\"elementor-accordion-icon-closed\"><i class=\"fas fa-plus\"><\/i><\/span>\n\t\t\t\t\t\t\t\t<span class=\"elementor-accordion-icon-opened\"><i class=\"fas fa-minus\"><\/i><\/span>\n\t\t\t\t\t\t\t\t\t\t\t\t\t\t<\/span>\n\t\t\t\t\t\t\t\t\t\t\t\t<a class=\"elementor-accordion-title\" tabindex=\"0\">Google<\/a>\n\t\t\t\t\t<\/div>\n\t\t\t\t\t<div id=\"elementor-tab-content-2172\" class=\"elementor-tab-content elementor-clearfix\" data-tab=\"2\" role=\"region\" aria-labelledby=\"elementor-tab-title-2172\"><p><strong>Tipo:<\/strong>\u00a0NID<\/p><p><strong>Prop\u00f3sito: <\/strong>Se utiliza para mostrar anuncios de Google a los servicios de Google a usuarios que no tengan la sesi\u00f3n iniciada (Google Maps).<\/p><p><strong>M\u00e1s Informaci\u00f3n:<\/strong> <a href=\"https:\/\/developers.google.com\/analytics\/devguides\/collection\/analyticsjs\/cookie-usage\">Google Analytics<\/a><\/p><\/div>\n\t\t\t\t<\/div>\n\t\t\t\t\t\t\t<div class=\"elementor-accordion-item\">\n\t\t\t\t\t<div id=\"elementor-tab-title-2173\" class=\"elementor-tab-title\" data-tab=\"3\" role=\"button\" aria-controls=\"elementor-tab-content-2173\" aria-expanded=\"false\">\n\t\t\t\t\t\t\t\t\t\t\t\t\t<span class=\"elementor-accordion-icon elementor-accordion-icon-left\" aria-hidden=\"true\">\n\t\t\t\t\t\t\t\t\t\t\t\t\t\t\t<span class=\"elementor-accordion-icon-closed\"><i class=\"fas fa-plus\"><\/i><\/span>\n\t\t\t\t\t\t\t\t<span class=\"elementor-accordion-icon-opened\"><i class=\"fas fa-minus\"><\/i><\/span>\n\t\t\t\t\t\t\t\t\t\t\t\t\t\t<\/span>\n\t\t\t\t\t\t\t\t\t\t\t\t<a class=\"elementor-accordion-title\" tabindex=\"0\">Embutidos Acosta<\/a>\n\t\t\t\t\t<\/div>\n\t\t\t\t\t<div id=\"elementor-tab-content-2173\" class=\"elementor-tab-content elementor-clearfix\" data-tab=\"3\" role=\"region\" aria-labelledby=\"elementor-tab-title-2173\"><p><strong>Tipo:<\/strong>\u00a0Propia<\/p><p><strong>Prop\u00f3stio: <\/strong>Se utiliza para guardar la configuraci\u00f3n de la aceptaci\u00f3n de las cookies de la web.<\/p><p><strong>M\u00e1s Informaci\u00f3n:\u00a0<\/strong><a href=\"https:\/\/www.vilaralimentacio.com\/politica-de-cookies\/\">Embutidos A.Acosta<\/a><\/p><\/div>\n\t\t\t\t<\/div>\n\t\t\t\t\t\t\t\t\t\t<script type=\"application\/ld+json\">{\"@context\":\"https:\\\/\\\/schema.org\",\"@type\":\"FAQPage\",\"mainEntity\":[{\"@type\":\"Question\",\"name\":\"Google Analytics\",\"acceptedAnswer\":{\"@type\":\"Answer\",\"text\":\"<table><tbody><tr><td><p><strong>Tipo:<\\\/strong> De terceros<\\\/p><p><strong>Prop\\u00f3sito:<\\\/strong> Recoger informaci\\u00f3n sobre la navegaci\\u00f3n de los usuarios por el sitio para conocer el origen de las visitas y otros datos similares a nivel estad\\u00edstico. Google Analytics tambi\\u00e9n utiliza estas cookies para mostrar publicidad relacionada con su perfil de navegaci\\u00f3n.<\\\/p><p><strong>M\\u00e1s Informaci\\u00f3n:<\\\/strong> <a href=\\\"https:\\\/\\\/developers.google.com\\\/analytics\\\/devguides\\\/collection\\\/analyticsjs\\\/cookie-usage\\\">Google Analytics<\\\/a>\\u00a0<a href=\\\"http:\\\/\\\/www.google.com\\\/intl\\\/es\\\/privacy.html\\\">Centro de privacidad de Google<\\\/a><\\\/p><\\\/td><\\\/tr><\\\/tbody><\\\/table>\"}},{\"@type\":\"Question\",\"name\":\"Google\",\"acceptedAnswer\":{\"@type\":\"Answer\",\"text\":\"<p><strong>Tipo:<\\\/strong>\\u00a0NID<\\\/p><p><strong>Prop\\u00f3sito: <\\\/strong>Se utiliza para mostrar anuncios de Google a los servicios de Google a usuarios que no tengan la sesi\\u00f3n iniciada (Google Maps).<\\\/p><p><strong>M\\u00e1s Informaci\\u00f3n:<\\\/strong> <a href=\\\"https:\\\/\\\/developers.google.com\\\/analytics\\\/devguides\\\/collection\\\/analyticsjs\\\/cookie-usage\\\">Google Analytics<\\\/a><\\\/p>\"}},{\"@type\":\"Question\",\"name\":\"Embutidos Acosta\",\"acceptedAnswer\":{\"@type\":\"Answer\",\"text\":\"<p><strong>Tipo:<\\\/strong>\\u00a0Propia<\\\/p><p><strong>Prop\\u00f3stio: <\\\/strong>Se utiliza para guardar la configuraci\\u00f3n de la aceptaci\\u00f3n de las cookies de la web.<\\\/p><p><strong>M\\u00e1s Informaci\\u00f3n:\\u00a0<\\\/strong><a href=\\\"https:\\\/\\\/www.vilaralimentacio.com\\\/politica-de-cookies\\\/\\\">Embutidos A.Acosta<\\\/a><\\\/p>\"}}]}<\/script>\n\t\t\t\t\t<\/div>\n\t\t\t\t<\/div>\n\t\t\t\t<\/div>\n\t\t\t\t\t<\/div>\n\t\t<\/div>\n\t\t\t\t\t<\/div>\n\t\t<\/section>\n\t\t\t\t<section class=\"elementor-section elementor-top-section elementor-element elementor-element-6f14218 elementor-section-boxed elementor-section-height-default elementor-section-height-default\" data-id=\"6f14218\" data-element_type=\"section\">\n\t\t\t\t\t\t<div class=\"elementor-container elementor-column-gap-default\">\n\t\t\t\t\t<div class=\"elementor-column elementor-col-100 elementor-top-column elementor-element elementor-element-c1568e7\" data-id=\"c1568e7\" data-element_type=\"column\">\n\t\t\t<div class=\"elementor-widget-wrap elementor-element-populated\">\n\t\t\t\t\t\t<div class=\"elementor-element elementor-element-d424d32 elementor-widget__width-initial elementor-widget elementor-widget-text-editor\" data-id=\"d424d32\" data-element_type=\"widget\" data-widget_type=\"text-editor.default\">\n\t\t\t\t<div class=\"elementor-widget-container\">\n\t\t\t\t\t\t\t<p>Nota: Las cookies de tipo \u201cPropias\u201d son utilizadas s\u00f3lo por el propietario de esta web y las cookies \u201cDe terceros\u201d son utilizadas, tambi\u00e9n, por el prestador del servicio detallado en la tabla anterior.<\/p><p>Puede informarse de las transferencias a terceros pa\u00edses que, en su caso, realizan los terceros identificados en esta pol\u00edtica de cookies en sus pol\u00edticas correspondientes (vea los enlaces facilitados en el apartado \u201cM\u00e1s informaci\u00f3n\u201d de la tabla anterior).<\/p><p><strong>\u00bfC\u00f3mo puedo desactivar o eliminar estas cookies?<br \/><\/strong>Puede permitir o bloquear las cookies, as\u00ed como borrar sus datos de navegaci\u00f3n (incluidas las cookies) desde el navegador que usted utiliza. Consulte las opciones e instrucciones que ofrece su navegador. Tenga en cuenta que, si acepta las cookies de terceros, tendr\u00e1 que eliminarlas desde las opciones del navegador.<br \/>A continuaci\u00f3n, tiene disponibles los enlaces con la informaci\u00f3n para gestionar las cookies de los navegadores m\u00e1s utilizados:<\/p><p><strong>Google Chrome<\/strong>(en el Men\u00fa herramientas)<\/p><p>Configuraci\u00f3n &gt; Mostrar opciones avanzadas &gt; Privacidad (Configuraci\u00f3n de Contenido) &gt; Cookies<br \/>M\u00e1s informaci\u00f3n:\u00a0<a href=\"https:\/\/support.google.com\/chrome\/answer\/95647?hl=es\">https:\/\/support.google.com\/chrome\/answer\/95647?hl=es<\/a><\/p><p><strong>Microsoft Internet Explorer\u00a0<\/strong>(en el Men\u00fa herramientas)<\/p><p>Opciones de Internet &gt; Privacidad &gt; Avanzada<br \/>M\u00e1s informaci\u00f3n:\u00a0<a href=\"http:\/\/windows.microsoft.com\/es-es\/internet-explorer\/delete-manage-cookies#ie=ie-9\">http:\/\/windows.microsoft.com\/es-es\/internet-explorer\/delete-manage-cookies#ie=ie-9<\/a><\/p><p><strong>Firefox<\/strong><\/p><p>Opciones &gt; Privacidad &gt; Cookies<br \/>M\u00e1s informaci\u00f3n:\u00a0<a href=\"http:\/\/support.mozilla.org\/es\/kb\/habilitar-y-deshabilitar-cookies-que-los-sitios-we\">http:\/\/support.mozilla.org\/es\/kb\/habilitar-y-deshabilitar-cookies-que-los-sitios-we<\/a><\/p><p><strong>Safari, iPad y iPhone<\/strong><\/p><p>Preferencias &gt; Privacidad<br \/>M\u00e1s informaci\u00f3n:\u00a0<a href=\"http:\/\/www.apple.com\/es\/privacy\/use-of-cookies\/\">http:\/\/www.apple.com\/es\/privacy\/use-of-cookies<\/a><\/p><p><strong>Opera<\/strong><\/p><p>Configuraci\u00f3n &gt; Opciones &gt; Avanzada &gt; Cookies<br \/>M\u00e1s informaci\u00f3n:\u00a0<a href=\"http:\/\/help.opera.com\/Linux\/10.60\/es-ES\/cookies.html\">http:\/\/help.opera.com\/Linux\/10.60\/es-ES\/cookies.html<\/a><\/p><p>Para otros navegadores: consulte la documentaci\u00f3n del navegador que tenga instalado.<\/p><p>Complemento de habilitaci\u00f3n para navegadores de Google Analytics<br \/>Si desea rechazar las cookies anal\u00edticas de Google Analytics en todos los navegadores, de modo que no se env\u00ede informaci\u00f3n suya a Google Analytics, puede descargar un complemento que realiza esta funci\u00f3n desde este enlace: <a href=\"https:\/\/tools.google.com\/dlpage\/gaoptout\">https:\/\/tools.google.com \/dlpage\/ gaoptout<\/a><\/p><p><strong>Ejercicio de derechos<\/strong><\/p><p>Puede conocer y ejercer sus derechos en materia de protecci\u00f3n de datos accediendo a nuestra\u00a0<a href=\"https:\/\/www.vilaralimentacio.com\/politica-de-privacitat\/\">Pol\u00edtica de Privacidad.<\/a><\/p>\t\t\t\t\t\t<\/div>\n\t\t\t\t<\/div>\n\t\t\t\t\t<\/div>\n\t\t<\/div>\n\t\t\t\t\t<\/div>\n\t\t<\/section>\n\t\t\t\t<\/div>","protected":false},"excerpt":{"rendered":"<p>\u00bfQu\u00e9 son las Cookies? Este sitio web utiliza cookies y\/o tecnolog\u00edas similares que almacenan y recuperan informaci\u00f3n al navegar. En general, estas tecnolog\u00edas pueden servir para finalidades muy diversas, como reconocerlo como usuario, obtener informaci\u00f3n sobre sus h\u00e1bitos de navegaci\u00f3n, o personalizar la forma en que se muestra el contenido. Los usos concretos que hacemos [&hellip;]<\/p>","protected":false},"author":1,"featured_media":0,"parent":0,"menu_order":0,"comment_status":"closed","ping_status":"closed","template":"elementor_header_footer","meta":{"om_disable_all_campaigns":false,"_monsterinsights_skip_tracking":false,"_monsterinsights_sitenote_active":false,"_monsterinsights_sitenote_note":"","_monsterinsights_sitenote_category":0,"footnotes":""},"class_list":["post-580","page","type-page","status-publish","hentry"],"aioseo_notices":[],"_links":{"self":[{"href":"https:\/\/www.acostaembutidos.com\/ca\/wp-json\/wp\/v2\/pages\/580","targetHints":{"allow":["GET"]}}],"collection":[{"href":"https:\/\/www.acostaembutidos.com\/ca\/wp-json\/wp\/v2\/pages"}],"about":[{"href":"https:\/\/www.acostaembutidos.com\/ca\/wp-json\/wp\/v2\/types\/page"}],"author":[{"embeddable":true,"href":"https:\/\/www.acostaembutidos.com\/ca\/wp-json\/wp\/v2\/users\/1"}],"replies":[{"embeddable":true,"href":"https:\/\/www.acostaembutidos.com\/ca\/wp-json\/wp\/v2\/comments?post=580"}],"version-history":[{"count":25,"href":"https:\/\/www.acostaembutidos.com\/ca\/wp-json\/wp\/v2\/pages\/580\/revisions"}],"predecessor-version":[{"id":1024,"href":"https:\/\/www.acostaembutidos.com\/ca\/wp-json\/wp\/v2\/pages\/580\/revisions\/1024"}],"wp:attachment":[{"href":"https:\/\/www.acostaembutidos.com\/ca\/wp-json\/wp\/v2\/media?parent=580"}],"curies":[{"name":"wp","href":"https:\/\/api.w.org\/{rel}","templated":true}]}}