{"id":578,"date":"2023-07-06T09:33:37","date_gmt":"2023-07-06T07:33:37","guid":{"rendered":"https:\/\/www.vilaralimentacio.com\/?page_id=578"},"modified":"2024-05-27T09:18:14","modified_gmt":"2024-05-27T07:18:14","slug":"politica-de-privacidad","status":"publish","type":"page","link":"https:\/\/www.acostaembutidos.com\/ca\/politica-de-privacidad\/","title":{"rendered":"Pol\u00edtica de Privadesa"},"content":{"rendered":"<div data-elementor-type=\"wp-page\" data-elementor-id=\"578\" class=\"elementor elementor-578\">\n\t\t\t\t\t\t<section class=\"elementor-section elementor-top-section elementor-element elementor-element-1919537 elementor-section-boxed elementor-section-height-default elementor-section-height-default\" data-id=\"1919537\" data-element_type=\"section\">\n\t\t\t\t\t\t<div class=\"elementor-container elementor-column-gap-default\">\n\t\t\t\t\t<div class=\"elementor-column elementor-col-100 elementor-top-column elementor-element elementor-element-70ea824\" data-id=\"70ea824\" data-element_type=\"column\">\n\t\t\t<div class=\"elementor-widget-wrap elementor-element-populated\">\n\t\t\t\t\t\t<div class=\"elementor-element elementor-element-cce519e elementor-widget__width-initial elementor-widget elementor-widget-text-editor\" data-id=\"cce519e\" data-element_type=\"widget\" data-widget_type=\"text-editor.default\">\n\t\t\t\t<div class=\"elementor-widget-container\">\n\t\t\t<style>\/*! elementor - v3.20.0 - 26-03-2024 *\/\n.elementor-widget-text-editor.elementor-drop-cap-view-stacked .elementor-drop-cap{background-color:#69727d;color:#fff}.elementor-widget-text-editor.elementor-drop-cap-view-framed .elementor-drop-cap{color:#69727d;border:3px solid;background-color:transparent}.elementor-widget-text-editor:not(.elementor-drop-cap-view-default) .elementor-drop-cap{margin-top:8px}.elementor-widget-text-editor:not(.elementor-drop-cap-view-default) .elementor-drop-cap-letter{width:1em;height:1em}.elementor-widget-text-editor .elementor-drop-cap{float:left;text-align:center;line-height:1;font-size:50px}.elementor-widget-text-editor .elementor-drop-cap-letter{display:inline-block}<\/style>\t\t\t\t<p>En EMBUTIDOS A. ACOSTA S.L. nos preocupamos por la privacidad y la transparencia.<br \/>A continuaci\u00f3n, le indicamos en detalle los tratamientos de datos personales que realizamos, as\u00ed como toda la informaci\u00f3n relativa a los mismos.<\/p><p><strong>\u00bfQui\u00e9n es el responsable del tratamiento de sus datos?<\/strong><\/p><p>EMBUTIDOS A.ACOSTA S.L.<br \/>C\/ Lli\u00e7a,10 nave 2 08480 L&#8217;Ametlla del Vall\u00e8s (Barcelona)<br \/>B61613345<br \/>info@acostaembutidos.com<\/p><p><strong>Datos de contacto del Delegado de Protecci\u00f3n de Datos (DPD):<\/strong><\/p><p>EMBUTIDOS A.ACOSTA S.L.<br \/>info@acostaembutidos.com<\/p><p><strong>\u00bfCu\u00e1les son sus derechos cuando nos facilita sus datos?<\/strong><\/p><p>Cualquier persona tiene derecho a obtener confirmaci\u00f3n sobre si en EMBUTODOS A.ACOSTA S.L. estamos tratando, o no, datos personales que les conciernen.<\/p><p>Las personas interesadas tienen derecho a acceder a sus datos personales, as\u00ed como a solicitar la rectificaci\u00f3n de los datos inexactos o, en su caso, solicitar su supresi\u00f3n cuando, entre otros motivos, los datos ya no sean necesarios para los hasta que fueron recogidos.<br \/>Asimismo, tiene derecho a la portabilidad de sus datos.<\/p><p>En determinadas circunstancias, los interesados podr\u00e1n solicitar la limitaci\u00f3n del tratamiento de sus datos, en cuyo caso \u00fanicamente los conservaremos para el ejercicio o la defensa de reclamaciones.<\/p><p>En determinadas circunstancias y por motivos relacionados con su particular situaci\u00f3n, los interesados podr\u00e1n oponerse al tratamiento de los datos. En este caso, EMBUTIDOS A.ACOSTA S.L dejar\u00e1 de tratar los datos, excepto por motivos imperiosos leg\u00edtimos, o el ejercicio o la defensa de posibles reclamaciones.<\/p><p>Podr\u00e1 ejercitar materialmente sus derechos de la siguiente forma: dirigi\u00e9ndose a info@acostaembutidos.com o C\/ Lli\u00e7a,10 nave 2 08480 L&#8217;Ametlla del Vall\u00e8s (Barcelona).<\/p><p>Cuando se realice el env\u00edo de comunicaciones comerciales utilizando como base jur\u00eddica el inter\u00e9s leg\u00edtimo del responsable, el interesado podr\u00e1 oponerse al tratamiento de sus datos a tal fin.<\/p><p>Si ha otorgado su consentimiento para alguna finalidad concreta, tiene derecho a retirar el consentimiento otorgado en cualquier momento, sin que ello afecte a la licitud del tratamiento basado en el consentimiento previo a la retirada.<\/p><p>En caso de que sienta vulnerados sus derechos en cuanto a la protecci\u00f3n de sus derechos datos personales, especialmente cuando no haya obtenido satisfacci\u00f3n en el ejercicio de sus derechos, puede presentar una reclamaci\u00f3n ante la Autoridad de Control en materia de protecci\u00f3n de datos competente a trav\u00e9s de su sitio web: www.aepd.es.<\/p><p>\u00a0<\/p><h4><strong>1. Tratamiento de los datos de los contactos web<\/strong><\/h4><p><strong>\u00bfCon qu\u00e9 finalidad tratamos sus datos personales?<\/strong><\/p><p>En EMBUTIDOS A.ACOSTA S.L tratamos la informaci\u00f3n que nos facilitan las personas interesadas para atender su solicitud y enviarle comunicaciones comerciales y\/o newsletters. En caso de que no facilite sus datos personales, no podremos cumplir las finalidades descritas.<\/p><p>No se tomar\u00e1n decisiones automatizadas sobre la base de los datos proporcionados.<\/p><p><strong>\u00bfPor cu\u00e1nto tiempo conservaremos sus datos?<\/strong><\/p><p>Los datos se conservar\u00e1n mientras el interesado no solicite la supresi\u00f3n.<\/p><p><strong>\u00bfCu\u00e1l es la legitimaci\u00f3n para el tratamiento de sus datos?<\/strong><\/p><p>Le indicamos la base legal para el tratamiento de sus datos:<\/p><p>Ejecuci\u00f3n de un contrato: Atender su solicitud.<br \/>Consentimiento del interesado: Enviar comunicaciones comerciales, inclusive por v\u00eda electr\u00f3nica.<\/p><p><strong>\u00bfA qu\u00e9 destinatarios se comunicar\u00e1n sus datos?<\/strong><\/p><p>No se ceder\u00e1n datos a terceros, salvo obligaci\u00f3n legal.<\/p><p>Transferencias de datos a terceros pa\u00edses<\/p><p>No est\u00e1n previstas transferencias de datos a terceros pa\u00edses.<\/p><p><strong>\u00bfC\u00f3mo hemos obtenido sus datos?<\/strong><\/p><p>Los datos personales que tratamos en EMBUTIDOS A.ACOSTA S.L proceden de: El propio interesado.<\/p><p>\u00a0<\/p><h4><strong>2. Tratamiento de los datos del correo electr\u00f3nico<\/strong><\/h4><p><strong>\u00bfCon qu\u00e9 finalidad tratamos sus datos personales?<\/strong><\/p><p>En EMBUTIDOS A.ACOSTA S.L tratamos la informaci\u00f3n que nos facilitan las personas interesadas para prestarle los servicios que nos ha solicitado, atender sus solicitudes de informaci\u00f3n y enviarle comunicaciones comerciales. En caso de que no facilite sus datos personales, no podremos cumplir con las finalidades descritas.<\/p><p>No se tomar\u00e1n decisiones automatizadas sobre la base de los datos proporcionados.<\/p><p><strong>\u00bfPor cu\u00e1nto tiempo conservaremos sus datos?<\/strong><\/p><p>Los datos se conservar\u00e1n mientras el interesado no solicite la supresi\u00f3n.<\/p><p><strong>\u00bfCu\u00e1l es la legitimaci\u00f3n para el tratamiento de sus datos?<\/strong><\/p><p>Le indicamos la base legal para el tratamiento de sus datos:<\/p><p>Ejecuci\u00f3n de un contrato: Atender su solicitud.<br \/>Inter\u00e9s leg\u00edtimo del Responsable: Env\u00edo de comunicaciones comerciales.<br \/>Consentimiento del interesado: contacto y env\u00edo de comunicaciones comerciales sobre la base del inter\u00e9s demostrado.<\/p><p><strong>\u00bfA qu\u00e9 destinatarios se comunicar\u00e1n sus datos?<\/strong><\/p><p>No se ceder\u00e1n datos a terceros, salvo obligaci\u00f3n legal.<\/p><p>Transferencias de datos a terceros pa\u00edses<\/p><p>No est\u00e1n previstas transferencias de datos a terceros pa\u00edses.<\/p><p><strong>\u00bfC\u00f3mo hemos obtenido sus datos?<\/strong><\/p><p>Los datos personales que tratamos en\u00a0<span style=\"font-weight: var( --e-global-typography-text-font-weight );\">EMBUTIDOS A.ACOSTA S.L<\/span>\u00a0proceden de: El propio interesado.<\/p>\t\t\t\t\t\t<\/div>\n\t\t\t\t<\/div>\n\t\t\t\t\t<\/div>\n\t\t<\/div>\n\t\t\t\t\t<\/div>\n\t\t<\/section>\n\t\t\t\t<\/div>","protected":false},"excerpt":{"rendered":"<p>En EMBUTIDOS A. ACOSTA S.L. nos preocupamos por la privacidad y la transparencia.A continuaci\u00f3n, le indicamos en detalle los tratamientos de datos personales que realizamos, as\u00ed como toda la informaci\u00f3n relativa a los mismos. \u00bfQui\u00e9n es el responsable del tratamiento de sus datos? EMBUTIDOS A.ACOSTA S.L.C\/ Lli\u00e7a,10 nave 2 08480 L&#8217;Ametlla del Vall\u00e8s (Barcelona)B61613345info@acostaembutidos.com Datos [&hellip;]<\/p>","protected":false},"author":1,"featured_media":0,"parent":0,"menu_order":0,"comment_status":"closed","ping_status":"closed","template":"elementor_header_footer","meta":{"om_disable_all_campaigns":false,"_monsterinsights_skip_tracking":false,"_monsterinsights_sitenote_active":false,"_monsterinsights_sitenote_note":"","_monsterinsights_sitenote_category":0,"footnotes":""},"class_list":["post-578","page","type-page","status-publish","hentry"],"aioseo_notices":[],"_links":{"self":[{"href":"https:\/\/www.acostaembutidos.com\/ca\/wp-json\/wp\/v2\/pages\/578","targetHints":{"allow":["GET"]}}],"collection":[{"href":"https:\/\/www.acostaembutidos.com\/ca\/wp-json\/wp\/v2\/pages"}],"about":[{"href":"https:\/\/www.acostaembutidos.com\/ca\/wp-json\/wp\/v2\/types\/page"}],"author":[{"embeddable":true,"href":"https:\/\/www.acostaembutidos.com\/ca\/wp-json\/wp\/v2\/users\/1"}],"replies":[{"embeddable":true,"href":"https:\/\/www.acostaembutidos.com\/ca\/wp-json\/wp\/v2\/comments?post=578"}],"version-history":[{"count":26,"href":"https:\/\/www.acostaembutidos.com\/ca\/wp-json\/wp\/v2\/pages\/578\/revisions"}],"predecessor-version":[{"id":1084,"href":"https:\/\/www.acostaembutidos.com\/ca\/wp-json\/wp\/v2\/pages\/578\/revisions\/1084"}],"wp:attachment":[{"href":"https:\/\/www.acostaembutidos.com\/ca\/wp-json\/wp\/v2\/media?parent=578"}],"curies":[{"name":"wp","href":"https:\/\/api.w.org\/{rel}","templated":true}]}}