{"id":576,"date":"2023-07-06T09:32:56","date_gmt":"2023-07-06T07:32:56","guid":{"rendered":"https:\/\/www.vilaralimentacio.com\/?page_id=576"},"modified":"2024-05-27T09:18:45","modified_gmt":"2024-05-27T07:18:45","slug":"aviso-legal","status":"publish","type":"page","link":"https:\/\/www.acostaembutidos.com\/ca\/aviso-legal\/","title":{"rendered":"Aviso Legal"},"content":{"rendered":"<div data-elementor-type=\"wp-page\" data-elementor-id=\"576\" class=\"elementor elementor-576\">\n\t\t\t\t\t\t<section class=\"elementor-section elementor-top-section elementor-element elementor-element-8c6f14b elementor-section-boxed elementor-section-height-default elementor-section-height-default\" data-id=\"8c6f14b\" data-element_type=\"section\">\n\t\t\t\t\t\t<div class=\"elementor-container elementor-column-gap-default\">\n\t\t\t\t\t<div class=\"elementor-column elementor-col-100 elementor-top-column elementor-element elementor-element-fb71b5e\" data-id=\"fb71b5e\" data-element_type=\"column\">\n\t\t\t<div class=\"elementor-widget-wrap elementor-element-populated\">\n\t\t\t\t\t\t<div class=\"elementor-element elementor-element-2e219bc elementor-widget elementor-widget-text-editor\" data-id=\"2e219bc\" data-element_type=\"widget\" data-widget_type=\"text-editor.default\">\n\t\t\t\t<div class=\"elementor-widget-container\">\n\t\t\t<style>\/*! elementor - v3.20.0 - 26-03-2024 *\/\n.elementor-widget-text-editor.elementor-drop-cap-view-stacked .elementor-drop-cap{background-color:#69727d;color:#fff}.elementor-widget-text-editor.elementor-drop-cap-view-framed .elementor-drop-cap{color:#69727d;border:3px solid;background-color:transparent}.elementor-widget-text-editor:not(.elementor-drop-cap-view-default) .elementor-drop-cap{margin-top:8px}.elementor-widget-text-editor:not(.elementor-drop-cap-view-default) .elementor-drop-cap-letter{width:1em;height:1em}.elementor-widget-text-editor .elementor-drop-cap{float:left;text-align:center;line-height:1;font-size:50px}.elementor-widget-text-editor .elementor-drop-cap-letter{display:inline-block}<\/style>\t\t\t\t<p><strong>1. OBJETO<br><\/strong><\/p>\n<p>Este aviso legal regula el uso y utilizaci\u00f3n del sitio web www.embutidosacosta.com, del que es titular EMBUTIDOS A.ACOSTA S.L (en adelante, EL PROPIETARIO DE LA WEB).<br>La navegaci\u00f3n por el sitio web de EL PROPIETARIO DE LA WEB le atribuye la condici\u00f3n de USUARIO del mismo y comporta su aceptaci\u00f3n plena y sin reservas de todas y cada una de las condiciones publicadas en este aviso legal, advirtiendo que estas condiciones podr\u00e1n ser modificadas sin notificaci\u00f3n previa por parte del PROPIETARIO DE LA WEB, en cuyo caso se proceder\u00e1 a su publicaci\u00f3n y aviso con la m\u00e1xima antelaci\u00f3n posible.<br>Por eso es recomendable leer atentamente su contenido en caso de desear acceder y hacer uso de la informaci\u00f3n y los servicios ofrecidos desde este sitio web.<br>El usuario, adem\u00e1s, se obliga a hacer un uso correcto del sitio web de conformidad con las leyes, buena fe, orden p\u00fablico, usos del tr\u00e1fico y este Aviso Legal, y responder\u00e1 ante el PROPIETARIO DE LA WEB o frente a terceros, de cualesquiera da\u00f1os y perjuicios que pudieran causarse como consecuencia del incumplimiento de dicha obligaci\u00f3n.<br>Cualquier utilizaci\u00f3n distinta de la autorizada est\u00e1 expresamente prohibida, pudiendo el PROPIETARIO DE LA WEB denegar o retirar el acceso y su uso en cualquier momento.<\/p>\n<p><strong>2. IDENTIFICACI\u00d3N<\/strong><\/p>\n<p>EL PROPIETARIO DE LA WEB, en cumplimiento de la Ley 34\/2002, de 11 de julio, de Servicios de la Sociedad de la Informaci\u00f3n y de Comercio Electr\u00f3nico, le informa que:<\/p>\n<p>Su denominaci\u00f3n social es: EMBUTIDOS A.ACOSTA S.L<br>Su CIF es: B61613345<br>Su domicilio social se encuentra en: C\/ Lli\u00e7a,10 nave 2 08480 L&#8217;Ametlla del Vall\u00e8s (Barcelona)<br>Inscrita en el Registro Mercantil de Barcelona<\/p>\n<p><strong>3. COMUNICACIONES<\/strong><\/p>\n<p>Para comunicarse con nosotros, ponemos a su disposici\u00f3n diferentes medios de contacto que detallamos a continuaci\u00f3n:<\/p>\n<p>Email: info@acostaembutidos.com<\/p>\n<p>Todas las notificaciones y comunicaciones entre los usuarios y PROPIETARIO DE LA WEB se considerar\u00e1n eficaces, a todos los efectos, cuando se realicen a trav\u00e9s de cualquier medio de los detallados anteriormente.<\/p>\n<p><strong>4. CONDICIONES DE ACCESO Y UTILIZACI\u00d3N<\/strong><\/p>\n<p>El sitio web y sus servicios son libres y gratuitos. Sin embargo, PROPIETARIO DE LA WEB puede condicionar la utilizaci\u00f3n de algunos de los servicios ofrecidos en su web a la cumplimentaci\u00f3n previa del correspondiente formulario.<br>El usuario garantiza la autenticidad y la actualidad de todos aquellos datos que comunique a PROPIETARIO DE LA WEB y ser\u00e1 el \u00fanico responsable de las manifestaciones falsas o inexactas que realice.<br>El usuario se compromete expresamente a hacer un uso adecuado de los contenidos y servicios de PROPIETARIO DE LA WEB ya no utilizarlos para, entre otros:<\/p>\n<p><strong>a)<\/strong>&nbsp;Difundir contenidos delictivos, violentos, pornogr\u00e1ficos, racistas, xen\u00f3fobos, ofensivos, de apolog\u00eda del terrorismo o, en general, contrarios a la ley u orden p\u00fablico.<\/p>\n<p><strong>b)&nbsp;<\/strong>Introducir en la red virus inform\u00e1ticos o realizar actuaciones susceptibles de alterar, estropear, interrumpir o generar errores o da\u00f1os en los documentos electr\u00f3nicos, datos o sistemas f\u00edsicos y l\u00f3gicos de PROPIETARIO DE LA WEB o de terceras personas; as\u00ed como obstaculizar el acceso de otros usuarios al sitio web ya sus servicios mediante el consumo masivo de los recursos inform\u00e1ticos a trav\u00e9s de los cuales PROPIETARIO DE LA WEB presta servicios.<\/p>\n<p><strong>c)<\/strong>&nbsp;Intentar acceder a las cuentas de correo electr\u00f3nico de otros usuarios o a \u00e1reas restringidas de los sistemas inform\u00e1ticos de PROPIETARIO DE LA WEB o de terceros y, en su caso, extraer informaci\u00f3n.<\/p>\n<p><strong>d)&nbsp;<\/strong>Vulnerar los derechos de propiedad intelectual o industrial, as\u00ed como violar la confidencialidad de la informaci\u00f3n de PROPIETARIO DE LA WEB o de terceros.<\/p>\n<p><strong>e)<\/strong>&nbsp;Suplantar la identidad de cualquier otro usuario.<\/p>\n<p><strong>f)<\/strong>&nbsp;Reproducir, copiar, distribuir, poner a disposici\u00f3n de, o cualquier otra forma de comunicaci\u00f3n p\u00fablica, transformar o modificar los contenidos, salvo que se cuente con la autorizaci\u00f3n del titular de los derechos correspondientes o ello resulte legalmente permitido.<\/p>\n<p><strong>g)<\/strong>&nbsp;Pedir datos con finalidad publicitaria y de remitir publicidad de cualquier clase y comunicaciones con fines de venta u otros de naturaleza comercial sin que intervenga su previa solicitud o consentimiento.<\/p>\n<p>Todos los contenidos del sitio web, tales como textos, fotograf\u00edas, gr\u00e1ficos, im\u00e1genes, iconos, tecnolog\u00eda, software, as\u00ed como su dise\u00f1o gr\u00e1fico y c\u00f3digos fuente, constituyen una obra cuya propiedad pertenece a PROPIETARIO DE LA WEB, sin que se puedan entender cedidos al usuario ninguno de los derechos de explotaci\u00f3n sobre \u00e9stos m\u00e1s all\u00e1 de lo estrictamente necesario para el correcto uso de la web.<br>En definitiva, los usuarios que accedan a este sitio web pueden visualizar los contenidos y efectuar, en su caso, copias privadas autorizadas siempre que los elementos reproducidos no sean cedidos posteriormente a terceros, ni se instalen en servidores conectados a redes, ni sean objeto de explotaci\u00f3n alguna.<\/p>\n<p>Asimismo, todas las marcas, nombres comerciales o signos distintivos de cualquier clase que aparecen en el sitio web son propiedad de PROPIETARIO DE LA WEB, sin que pueda entenderse que el uso o acceso al mismo atribuya al usuario ning\u00fan derecho sobre los mismos .<br>La distribuci\u00f3n, modificaci\u00f3n, cesi\u00f3n o comunicaci\u00f3n p\u00fablica de los contenidos y cualquier otro acto que no haya sido expresamente autorizado por el titular de los derechos de explotaci\u00f3n quedan prohibidos.<br>El establecimiento de un hiperenlace no implica en ning\u00fan caso la existencia de relaciones entre PROPIETARIO DE LA WEB y el propietario del sitio web donde se establezca, ni la aceptaci\u00f3n y aprobaci\u00f3n por parte de PROPIETARIO DE LA WEB de sus contenidos o servicios.<br>PROPIETARIO DE LA WEB no se responsabiliza del uso que cada usuario d\u00e9 a los materiales puestos a disposici\u00f3n en este sitio web ni de las actuaciones que realice en base a los mismos.<\/p>\n<p><strong>4.1. EXCLUSI\u00d3N DE GARANT\u00cdAS Y DE RESPONSABILIDAD EN EL ACCESO Y LA UTILIZACI\u00d3N<\/strong><\/p>\n<p>El contenido del presente sitio web es de car\u00e1cter general y tiene una finalidad meramente informativa, sin que se garantice plenamente el acceso a todos los contenidos, ni su exhaustividad, correcci\u00f3n, vigencia o actualidad, ni su idoneidad o utilidad para a un objetivo espec\u00edfico.<br>PROPIETARIO DE LA WEB excluye, hasta donde permite el ordenamiento jur\u00eddico, cualquier responsabilidad por los da\u00f1os y perjuicios de toda naturaleza derivados de:<\/p>\n<p><strong>a)<\/strong>&nbsp;La imposibilidad de acceso al sitio web o la falta de veracidad, exactitud, exhaustividad y\/o actualidad de los contenidos, as\u00ed como la existencia de vicios y defectos de todo tipo de los contenidos transmitidos, difundidos, almacenados, puestos a disposici\u00f3n, a quienes se haya accedido a trav\u00e9s del sitio web o de los servicios que se ofrecen.<\/p>\n<p><strong>b)<\/strong>&nbsp;La presencia de virus u otros elementos en los contenidos que puedan producir alteraciones en los sistemas inform\u00e1ticos, documentos electr\u00f3nicos o datos de los usuarios.<\/p>\n<p><strong>c)<\/strong>&nbsp;El incumplimiento de las leyes, la buena fe, el orden p\u00fablico, los usos del tr\u00e1fico y este aviso legal como consecuencia del uso incorrecto del sitio web. En particular, y de forma ejemplificativa, PROPIETARIO DE LA WEB no se hace responsable de las actuaciones de terceros que vulneren derechos de propiedad intelectual e industrial, secretos empresariales, derechos al honor, a la intimidad personal y familiar ya la propia imagen, as\u00ed como la normativa en materia de competencia desleal y publicidad il\u00edcita.<\/p>\n<p>Asimismo, PROPIETARIO DE LA WEB declina cualquier responsabilidad respecto a la informaci\u00f3n que est\u00e9 fuera de esta web y no sea gestionada directamente por nuestro webmaster. La funci\u00f3n de los links que aparecen en esta web es exclusivamente informar al usuario sobre la existencia de otras fuentes susceptibles de ampliar los contenidos que ofrece este sitio web. PROPIETARIO DE LA WEB no garantiza ni se responsabiliza del funcionamiento o accesibilidad de los sitios enlazados; ni sugiere, invita o recomienda la visita a \u00e9stos, por lo que tampoco ser\u00e1 responsable del resultado obtenido. PROPIETARIO DE LA WEB no se responsabiliza del establecimiento de hiperv\u00ednculos por parte de terceros.<\/p>\n<p><strong>4.2. PROCEDIMIENTO EN CASO DE REALIZACI\u00d3N DE ACTIVIDADES DE CAR\u00c1CTER IL\u00cdCITO<\/strong><\/p>\n<p>En caso de que cualquier usuario o un tercero considere que hay hechos o circunstancias que revelen el car\u00e1cter il\u00edcito de la utilizaci\u00f3n de cualquier contenido y\/o de la realizaci\u00f3n de cualquier actividad en las p\u00e1ginas web incluidas o accesibles a trav\u00e9s del sitio web , deber\u00e1 enviar una notificaci\u00f3n a PROPIETARIO DE LA WEB identific\u00e1ndose debidamente y especificando las supuestas infracciones.<\/p>\n<p><strong>4.3. PUBLICACIONES<\/strong><\/p>\n<p>La informaci\u00f3n administrativa facilitada a trav\u00e9s del sitio web no sustituye a la publicidad legal de las leyes, normativas, planes, disposiciones generales y actos que deban ser publicados formalmente en los diarios oficiales de las administraciones p\u00fablicas, que constituyen el \u00fanico instrumento que da fe de su autenticidad y contenido. La informaci\u00f3n disponible en este sitio web debe entenderse como una gu\u00eda sin prop\u00f3sito de validez legal.<\/p>\n<p><strong>5. LEGISLACI\u00d3N APLICABLE<\/strong><\/p>\n<p>Las presentes condiciones se rigen por la legislaci\u00f3n espa\u00f1ola vigente.<br>La lengua utilizada ser\u00e1 el Castellano.<\/p>\t\t\t\t\t\t<\/div>\n\t\t\t\t<\/div>\n\t\t\t\t\t<\/div>\n\t\t<\/div>\n\t\t\t\t\t<\/div>\n\t\t<\/section>\n\t\t\t\t<\/div>","protected":false},"excerpt":{"rendered":"<p>1. OBJETO Este aviso legal regula el uso y utilizaci\u00f3n del sitio web www.embutidosacosta.com, del que es titular EMBUTIDOS A.ACOSTA S.L (en adelante, EL PROPIETARIO DE LA WEB).La navegaci\u00f3n por el sitio web de EL PROPIETARIO DE LA WEB le atribuye la condici\u00f3n de USUARIO del mismo y comporta su aceptaci\u00f3n plena y sin reservas [&hellip;]<\/p>","protected":false},"author":1,"featured_media":0,"parent":0,"menu_order":0,"comment_status":"closed","ping_status":"closed","template":"elementor_header_footer","meta":{"om_disable_all_campaigns":false,"_monsterinsights_skip_tracking":false,"_monsterinsights_sitenote_active":false,"_monsterinsights_sitenote_note":"","_monsterinsights_sitenote_category":0,"footnotes":""},"class_list":["post-576","page","type-page","status-publish","hentry"],"aioseo_notices":[],"_links":{"self":[{"href":"https:\/\/www.acostaembutidos.com\/ca\/wp-json\/wp\/v2\/pages\/576","targetHints":{"allow":["GET"]}}],"collection":[{"href":"https:\/\/www.acostaembutidos.com\/ca\/wp-json\/wp\/v2\/pages"}],"about":[{"href":"https:\/\/www.acostaembutidos.com\/ca\/wp-json\/wp\/v2\/types\/page"}],"author":[{"embeddable":true,"href":"https:\/\/www.acostaembutidos.com\/ca\/wp-json\/wp\/v2\/users\/1"}],"replies":[{"embeddable":true,"href":"https:\/\/www.acostaembutidos.com\/ca\/wp-json\/wp\/v2\/comments?post=576"}],"version-history":[{"count":20,"href":"https:\/\/www.acostaembutidos.com\/ca\/wp-json\/wp\/v2\/pages\/576\/revisions"}],"predecessor-version":[{"id":1087,"href":"https:\/\/www.acostaembutidos.com\/ca\/wp-json\/wp\/v2\/pages\/576\/revisions\/1087"}],"wp:attachment":[{"href":"https:\/\/www.acostaembutidos.com\/ca\/wp-json\/wp\/v2\/media?parent=576"}],"curies":[{"name":"wp","href":"https:\/\/api.w.org\/{rel}","templated":true}]}}