{"id":105,"date":"2023-06-30T08:47:00","date_gmt":"2023-06-30T06:47:00","guid":{"rendered":"https:\/\/www.vilaralimentacio.com\/?page_id=105"},"modified":"2024-05-27T09:24:14","modified_gmt":"2024-05-27T07:24:14","slug":"contacto","status":"publish","type":"page","link":"https:\/\/www.acostaembutidos.com\/ca\/contacto\/","title":{"rendered":"Contacte"},"content":{"rendered":"<div data-elementor-type=\"wp-page\" data-elementor-id=\"105\" class=\"elementor elementor-105\">\n\t\t\t\t\t\t<section class=\"elementor-section elementor-top-section elementor-element elementor-element-5b61107 elementor-section-full_width elementor-section-stretched elementor-section-height-default elementor-section-height-default\" data-id=\"5b61107\" data-element_type=\"section\" data-settings=\"{&quot;stretch_section&quot;:&quot;section-stretched&quot;}\">\n\t\t\t\t\t\t<div class=\"elementor-container elementor-column-gap-default\">\n\t\t\t\t\t<div class=\"elementor-column elementor-col-100 elementor-top-column elementor-element elementor-element-8ee178b\" data-id=\"8ee178b\" data-element_type=\"column\">\n\t\t\t<div class=\"elementor-widget-wrap elementor-element-populated\">\n\t\t\t\t\t\t<div class=\"elementor-element elementor-element-8c2b9c5 elementor-widget__width-inherit elementor-widget elementor-widget-google_maps\" data-id=\"8c2b9c5\" data-element_type=\"widget\" data-widget_type=\"google_maps.default\">\n\t\t\t\t<div class=\"elementor-widget-container\">\n\t\t\t<style>\/*! elementor - v3.20.0 - 26-03-2024 *\/\n.elementor-widget-google_maps .elementor-widget-container{overflow:hidden}.elementor-widget-google_maps .elementor-custom-embed{line-height:0}.elementor-widget-google_maps iframe{height:300px}<\/style>\t\t<div class=\"elementor-custom-embed\">\n\t\t\t<iframe loading=\"lazy\"\n\t\t\t\t\tsrc=\"https:\/\/maps.google.com\/maps?q=Embutidos%20T%C3%ADpicos%20Regionales%20A.%20Acosta%20S.L.%2C%20Carrer%20del%2C%20Carrer%20Lli%C3%A7a%2C%2010%2C%20nave%202%2C%2008480%20L%27Ametlla%20del%20Vall%C3%A8s%2C%20Barcelona&#038;t=m&#038;z=16&#038;output=embed&#038;iwloc=near\"\n\t\t\t\t\ttitle=\"Embutidos T\u00edpicos Regionales A. Acosta S.L., Carrer del, Carrer Lli\u00e7a, 10, nave 2, 08480 L&#039;Ametlla del Vall\u00e8s, Barcelona\"\n\t\t\t\t\taria-label=\"Embutidos T\u00edpicos Regionales A. Acosta S.L., Carrer del, Carrer Lli\u00e7a, 10, nave 2, 08480 L&#039;Ametlla del Vall\u00e8s, Barcelona\"\n\t\t\t><\/iframe>\n\t\t<\/div>\n\t\t\t\t<\/div>\n\t\t\t\t<\/div>\n\t\t\t\t\t<\/div>\n\t\t<\/div>\n\t\t\t\t\t<\/div>\n\t\t<\/section>\n\t\t\t\t<section class=\"elementor-section elementor-top-section elementor-element elementor-element-6719b00 elementor-section-boxed elementor-section-height-default elementor-section-height-default\" data-id=\"6719b00\" data-element_type=\"section\">\n\t\t\t\t\t\t<div class=\"elementor-container elementor-column-gap-default\">\n\t\t\t\t\t<div class=\"elementor-column elementor-col-50 elementor-top-column elementor-element elementor-element-3358174\" data-id=\"3358174\" data-element_type=\"column\">\n\t\t\t<div class=\"elementor-widget-wrap elementor-element-populated\">\n\t\t\t\t\t\t<div class=\"elementor-element elementor-element-fed08cb elementor-widget elementor-widget-text-editor\" data-id=\"fed08cb\" data-element_type=\"widget\" data-widget_type=\"text-editor.default\">\n\t\t\t\t<div class=\"elementor-widget-container\">\n\t\t\t<style>\/*! elementor - v3.20.0 - 26-03-2024 *\/\n.elementor-widget-text-editor.elementor-drop-cap-view-stacked .elementor-drop-cap{background-color:#69727d;color:#fff}.elementor-widget-text-editor.elementor-drop-cap-view-framed .elementor-drop-cap{color:#69727d;border:3px solid;background-color:transparent}.elementor-widget-text-editor:not(.elementor-drop-cap-view-default) .elementor-drop-cap{margin-top:8px}.elementor-widget-text-editor:not(.elementor-drop-cap-view-default) .elementor-drop-cap-letter{width:1em;height:1em}.elementor-widget-text-editor .elementor-drop-cap{float:left;text-align:center;line-height:1;font-size:50px}.elementor-widget-text-editor .elementor-drop-cap-letter{display:inline-block}<\/style>\t\t\t\t<p style=\"box-sizing: border-box; margin: 0cm; padding: 0px; outline: 0px; font-family: 'Open Sans'; font-size: 16px; line-height: 1.6; color: #46707f; vertical-align: baseline; text-align: justify;\"><span style=\"box-sizing: border-box; margin: 0px; padding: 0cm; outline: 0px; font-size: 11pt; font-family: Calibri, sans-serif; color: black; border: 1pt none windowtext;\">\u00a0\u00a0<\/span><\/p><p style=\"box-sizing: border-box; margin: 0cm; padding: 0px; outline: 0px; font-family: 'Open Sans'; font-size: 16px; line-height: 1.6; color: #46707f; vertical-align: baseline; text-align: justify;\"><span style=\"color: black; font-family: Calibri, sans-serif; font-size: 11pt;\">\u00a0<\/span><\/p><p style=\"box-sizing: border-box; margin: 0cm; padding: 0px; outline: 0px; font-family: 'Open Sans'; font-size: 16px; line-height: 1.6; color: #46707f; vertical-align: baseline; text-align: justify;\"><img decoding=\"async\" class=\"alignleft\" src=\"https:\/\/www.acostaembutidos.com\/wp-content\/uploads\/2023\/07\/local.png\" alt=\"Ubicacio\" width=\"110\" height=\"110\" \/><\/p><p style=\"box-sizing: border-box; margin: 0cm; padding: 0px; outline: 0px; font-family: 'Open Sans'; font-size: 16px; line-height: 1.6; color: #46707f; vertical-align: baseline; text-align: justify;\"><b>Martes:<\/b> La Torreta, la Roca del Vall\u00e9s y Badalona, Barrio dels Gorgs<\/p><p style=\"box-sizing: border-box; margin: 0cm; padding: 0px; outline: 0px; font-family: 'Open Sans'; font-size: 16px; line-height: 1.6; color: #46707f; vertical-align: baseline; text-align: justify;\"><b>Viernes:<\/b> Llinars del Vall\u00e8s<\/p><p style=\"box-sizing: border-box; margin: 0cm; padding: 0px; outline: 0px; font-family: 'Open Sans'; font-size: 16px; line-height: 1.6; color: #46707f; vertical-align: baseline; text-align: justify;\"><b>S\u00e1bado<\/b>: Les Franqueses del Vall\u00e9s<\/p><p style=\"box-sizing: border-box; margin: 0cm; padding: 0px; outline: 0px; font-family: 'Open Sans'; font-size: 16px; line-height: 1.6; color: #46707f; vertical-align: baseline; text-align: justify;\"><b>Domingo:<\/b> Canovelles y Vilanova del Vall\u00e9s<\/p><div><span style=\"box-sizing: border-box; margin: 0px; padding: 0cm; outline: 0px; font-size: 11pt; font-family: Calibri, sans-serif; color: black; border: 1pt none windowtext;\">\u00a0<\/span><br \/><span style=\"box-sizing: border-box; margin: 0px; padding: 0cm; outline: 0px; font-size: 11pt; font-family: Calibri, sans-serif; color: black; border: 1pt none windowtext;\"><br \/><\/span><\/div><p><img decoding=\"async\" class=\"alignleft\" src=\"https:\/\/www.acostaembutidos.com\/wp-content\/uploads\/2023\/07\/horari.png\" alt=\"Horari\" width=\"110\" height=\"110\" \/><\/p><p><span style=\"text-align: center;\">Martes \u2013 Jueves<\/span><br style=\"text-align: center;\" \/><span style=\"text-align: center;\">09:00 AM \u2013 13.00 PM<\/span><\/p><p><span style=\"text-align: center;\">\u00a0<\/span><\/p><p>\u00a0<\/p><p><img decoding=\"async\" class=\"alignleft\" src=\"https:\/\/www.acostaembutidos.com\/wp-content\/uploads\/2023\/07\/sobre.png\" alt=\"Correu\" width=\"110\" height=\"110\" \/><\/p><p><span style=\"text-align: center;\"><br \/>938590139<br \/><\/span><span style=\"text-align: center;\">info@embutidosacosta.com<\/span><\/p>\t\t\t\t\t\t<\/div>\n\t\t\t\t<\/div>\n\t\t\t\t\t<\/div>\n\t\t<\/div>\n\t\t\t\t<div class=\"elementor-column elementor-col-50 elementor-top-column elementor-element elementor-element-aa2f3dd\" data-id=\"aa2f3dd\" data-element_type=\"column\">\n\t\t\t<div class=\"elementor-widget-wrap elementor-element-populated\">\n\t\t\t\t\t\t<div class=\"elementor-element elementor-element-b8c3e50 elementor-widget elementor-widget-shortcode\" data-id=\"b8c3e50\" data-element_type=\"widget\" data-widget_type=\"shortcode.default\">\n\t\t\t\t<div class=\"elementor-widget-container\">\n\t\t\t\t\t<div class=\"elementor-shortcode\"><div class=\"wpforms-container wpforms-container-full wpforms-render-modern\" id=\"wpforms-524\"><form id=\"wpforms-form-524\" class=\"wpforms-validate wpforms-form wpforms-ajax-form\" data-formid=\"524\" method=\"post\" enctype=\"multipart\/form-data\" action=\"\/ca\/wp-json\/wp\/v2\/pages\/105\" data-token=\"65259262a4c62f122348d6bcbc58d513\" data-trp-original-action=\"\/ca\/wp-json\/wp\/v2\/pages\/105\"><noscript class=\"wpforms-error-noscript\">Activeu el JavaScript al navegador per a poder completar el formulari.<\/noscript><div class=\"wpforms-hidden\" id=\"wpforms-error-noscript\">Activeu el JavaScript al navegador per a poder completar el formulari.<\/div><div class=\"wpforms-field-container\"><div id=\"wpforms-524-field_0-container\" class=\"wpforms-field wpforms-field-name\" data-field-id=\"0\"><label class=\"wpforms-field-label\" for=\"wpforms-524-field_0\">Nombre: <span class=\"wpforms-required-label\" aria-hidden=\"true\">*<\/span><\/label><input type=\"text\" id=\"wpforms-524-field_0\" class=\"wpforms-field-medium wpforms-field-required\" name=\"wpforms[fields][0]\" aria-errormessage=\"wpforms-524-field_0-error\" aria-describedby=\"wpforms-524-field_0-description\" required><div id=\"wpforms-524-field_0-description\" class=\"wpforms-field-description\">* Campo obligatorio<\/div><\/div><div id=\"wpforms-524-field_1-container\" class=\"wpforms-field wpforms-field-email\" data-field-id=\"1\"><label class=\"wpforms-field-label\" for=\"wpforms-524-field_1\">Correo: <span class=\"wpforms-required-label\" aria-hidden=\"true\">*<\/span><\/label><input type=\"email\" id=\"wpforms-524-field_1\" class=\"wpforms-field-medium wpforms-field-required\" name=\"wpforms[fields][1]\" spellcheck=\"false\" aria-errormessage=\"wpforms-524-field_1-error\" aria-describedby=\"wpforms-524-field_1-description\" required><div id=\"wpforms-524-field_1-description\" class=\"wpforms-field-description\">* Campo obligatorio<\/div><\/div><div id=\"wpforms-524-field_3-container\" class=\"wpforms-field wpforms-field-number\" data-field-id=\"3\"><label class=\"wpforms-field-label\" for=\"wpforms-524-field_3\">Tel\u00e9fono<\/label><input type=\"number\" pattern=\"\\d*\" id=\"wpforms-524-field_3\" class=\"wpforms-field-medium\" name=\"wpforms[fields][3]\" aria-errormessage=\"wpforms-524-field_3-error\" ><\/div><div id=\"wpforms-524-field_2-container\" class=\"wpforms-field wpforms-field-textarea\" data-field-id=\"2\"><label class=\"wpforms-field-label\" for=\"wpforms-524-field_2\">Mensaje <span class=\"wpforms-required-label\" aria-hidden=\"true\">*<\/span><\/label><textarea id=\"wpforms-524-field_2\" class=\"wpforms-field-medium wpforms-field-required\" name=\"wpforms[fields][2]\" aria-errormessage=\"wpforms-524-field_2-error\" aria-describedby=\"wpforms-524-field_2-description\" required><\/textarea><div id=\"wpforms-524-field_2-description\" class=\"wpforms-field-description\">* Campo obligatorio<\/div><\/div><\/div><!-- .wpforms-field-container --><div class=\"wpforms-submit-container\" ><input type=\"hidden\" name=\"wpforms[id]\" value=\"524\"><input type=\"hidden\" name=\"wpforms[author]\" value=\"1\"><button type=\"submit\" name=\"wpforms[submit]\" id=\"wpforms-submit-524\" class=\"wpforms-submit\" data-alt-text=\"Enviando...\" data-submit-text=\"Enviar\" aria-live=\"assertive\" value=\"wpforms-submit\">Enviar<\/button><img loading=\"lazy\" decoding=\"async\" src=\"https:\/\/www.acostaembutidos.com\/wp-content\/plugins\/wpforms-lite\/assets\/images\/submit-spin.svg\" class=\"wpforms-submit-spinner\" style=\"display: none;\" width=\"26\" height=\"26\" alt=\"S&#039;est\u00e0 carregant\"><\/div><input type=\"hidden\" name=\"trp-form-language\" value=\"ca\"\/><\/form><\/div>  <!-- .wpforms-container --><\/div>\n\t\t\t\t<\/div>\n\t\t\t\t<\/div>\n\t\t\t\t\t<\/div>\n\t\t<\/div>\n\t\t\t\t\t<\/div>\n\t\t<\/section>\n\t\t\t\t<\/div>","protected":false},"excerpt":{"rendered":"<p>\u00a0\u00a0 \u00a0 Martes: La Torreta, la Roca del Vall\u00e9s y Badalona, Barrio dels Gorgs Viernes: Llinars del Vall\u00e8s S\u00e1bado: Les Franqueses del Vall\u00e9s Domingo: Canovelles y Vilanova del Vall\u00e9s \u00a0 Martes \u2013 Jueves09:00 AM \u2013 13.00 PM \u00a0 \u00a0 938590139info@embutidosacosta.com<\/p>","protected":false},"author":1,"featured_media":0,"parent":0,"menu_order":0,"comment_status":"closed","ping_status":"closed","template":"elementor_header_footer","meta":{"om_disable_all_campaigns":false,"_monsterinsights_skip_tracking":false,"_monsterinsights_sitenote_active":false,"_monsterinsights_sitenote_note":"","_monsterinsights_sitenote_category":0,"footnotes":""},"class_list":["post-105","page","type-page","status-publish","hentry"],"aioseo_notices":[],"_links":{"self":[{"href":"https:\/\/www.acostaembutidos.com\/ca\/wp-json\/wp\/v2\/pages\/105","targetHints":{"allow":["GET"]}}],"collection":[{"href":"https:\/\/www.acostaembutidos.com\/ca\/wp-json\/wp\/v2\/pages"}],"about":[{"href":"https:\/\/www.acostaembutidos.com\/ca\/wp-json\/wp\/v2\/types\/page"}],"author":[{"embeddable":true,"href":"https:\/\/www.acostaembutidos.com\/ca\/wp-json\/wp\/v2\/users\/1"}],"replies":[{"embeddable":true,"href":"https:\/\/www.acostaembutidos.com\/ca\/wp-json\/wp\/v2\/comments?post=105"}],"version-history":[{"count":68,"href":"https:\/\/www.acostaembutidos.com\/ca\/wp-json\/wp\/v2\/pages\/105\/revisions"}],"predecessor-version":[{"id":1096,"href":"https:\/\/www.acostaembutidos.com\/ca\/wp-json\/wp\/v2\/pages\/105\/revisions\/1096"}],"wp:attachment":[{"href":"https:\/\/www.acostaembutidos.com\/ca\/wp-json\/wp\/v2\/media?parent=105"}],"curies":[{"name":"wp","href":"https:\/\/api.w.org\/{rel}","templated":true}]}}